{"id":10,"date":"2025-04-06T10:23:45","date_gmt":"2025-04-06T08:23:45","guid":{"rendered":"https:\/\/ulucynki.pl\/?page_id=10"},"modified":"2026-04-16T18:47:27","modified_gmt":"2026-04-16T16:47:27","slug":"kontakt","status":"publish","type":"page","link":"https:\/\/ulucynki.pl\/index.php\/kontakt\/","title":{"rendered":"Kontakt"},"content":{"rendered":"\n<p><strong>Adres:<\/strong> D\u0119bowiec 15,&nbsp;22-234 Urszulin<\/p>\n\n\n\n<p><strong>Telefon:&nbsp;<\/strong>508 404 411<\/p>\n\n\n\n<figure class=\"wp-block-gallery has-nested-images columns-default is-cropped wp-block-gallery-1 is-layout-flex wp-block-gallery-is-layout-flex\">\n<figure class=\"wp-block-image size-large\"><img loading=\"lazy\" decoding=\"async\" width=\"1024\" height=\"771\" data-id=\"87\" src=\"https:\/\/ulucynki.pl\/wp-content\/uploads\/2026\/04\/dom-1-2-1024x771.jpg\" alt=\"\" class=\"wp-image-87\" srcset=\"https:\/\/ulucynki.pl\/wp-content\/uploads\/2026\/04\/dom-1-2-1024x771.jpg 1024w, https:\/\/ulucynki.pl\/wp-content\/uploads\/2026\/04\/dom-1-2-300x226.jpg 300w, https:\/\/ulucynki.pl\/wp-content\/uploads\/2026\/04\/dom-1-2-768x578.jpg 768w, https:\/\/ulucynki.pl\/wp-content\/uploads\/2026\/04\/dom-1-2-1536x1157.jpg 1536w, https:\/\/ulucynki.pl\/wp-content\/uploads\/2026\/04\/dom-1-2-2048x1542.jpg 2048w\" sizes=\"auto, (max-width: 1024px) 100vw, 1024px\" \/><\/figure>\n\n\n\n<figure class=\"wp-block-image size-large\"><img loading=\"lazy\" decoding=\"async\" width=\"1024\" height=\"411\" data-id=\"86\" src=\"https:\/\/ulucynki.pl\/wp-content\/uploads\/2026\/04\/lot-ptaka-1.jpg\" alt=\"\" class=\"wp-image-86\" srcset=\"https:\/\/ulucynki.pl\/wp-content\/uploads\/2026\/04\/lot-ptaka-1.jpg 1024w, https:\/\/ulucynki.pl\/wp-content\/uploads\/2026\/04\/lot-ptaka-1-300x120.jpg 300w, https:\/\/ulucynki.pl\/wp-content\/uploads\/2026\/04\/lot-ptaka-1-768x308.jpg 768w\" sizes=\"auto, (max-width: 1024px) 100vw, 1024px\" \/><\/figure>\n<\/figure>\n\n\n\n<h3 class=\"wp-block-heading\">Atrakcje turystyczne<\/h3>\n\n\n\n<div class=\"wp-block-group is-layout-grid wp-container-core-group-is-layout-478b6e6b wp-block-group-is-layout-grid\">\n<p class=\"wp-container-content-e29552f7\">Park Narodowy<br>Dyrekcja Poleskiego Parku Narodowego<\/p>\n\n\n\n<p>2.4 km<\/p>\n<\/div>\n\n\n\n<div class=\"wp-block-group is-layout-grid wp-container-core-group-is-layout-478b6e6b wp-block-group-is-layout-grid\">\n<p class=\"wp-container-content-e29552f7\">Stare Za\u0142ucze 8<br>O\u015brodek Dydaktyczno-Muzealny Poleskiego Parku Narodowego w Starym Za\u0142uczu<\/p>\n\n\n\n<p>3.2 km<\/p>\n<\/div>\n\n\n\n<div class=\"wp-block-group is-layout-grid wp-container-core-group-is-layout-478b6e6b wp-block-group-is-layout-grid\">\n<p class=\"wp-container-content-e29552f7\">Park Narodowy<br>\u015acie\u017cka przyrodnicza &#8222;Sp\u0142awy&#8221;<\/p>\n\n\n\n<p>3.6 km<\/p>\n<\/div>\n\n\n\n<div class=\"wp-block-group is-layout-grid wp-container-core-group-is-layout-478b6e6b wp-block-group-is-layout-grid\">\n<p class=\"wp-container-content-e29552f7\">Jezioro Rotcze<\/p>\n\n\n\n<p class=\"wp-container-content-69bc4bdf\">3.8 km<\/p>\n<\/div>\n\n\n\n<div class=\"wp-block-group is-layout-grid wp-container-core-group-is-layout-478b6e6b wp-block-group-is-layout-grid\">\n<p class=\"wp-container-content-e29552f7\">Grodzisko w Andrzejowie<\/p>\n\n\n\n<p>3.8 km<\/p>\n<\/div>\n\n\n\n<div class=\"wp-block-group is-layout-grid wp-container-core-group-is-layout-478b6e6b wp-block-group-is-layout-grid\">\n<p class=\"wp-container-content-e29552f7\">Cmentarz mennonicki w Michalowie<\/p>\n\n\n\n<p>4.2 km<\/p>\n<\/div>\n\n\n\n<div class=\"wp-block-group is-layout-grid wp-container-core-group-is-layout-478b6e6b wp-block-group-is-layout-grid\">\n<p class=\"wp-container-content-e29552f7\">Historyczny cmentarz prawoslawny w Wereszczynie<\/p>\n\n\n\n<p>4.7 km<\/p>\n<\/div>\n\n\n\n<div class=\"wp-block-group is-layout-grid wp-container-core-group-is-layout-478b6e6b wp-block-group-is-layout-grid\">\n<p class=\"wp-container-content-e29552f7\">Wiatrak kozlak z XIX w<\/p>\n\n\n\n<p>4.8 km<\/p>\n<\/div>\n\n\n\n<div class=\"wp-block-group is-layout-grid wp-container-core-group-is-layout-478b6e6b wp-block-group-is-layout-grid\">\n<p class=\"wp-container-content-e29552f7\">Kosciol parafialny pw. sw. Stanislawa Biskupa Meczennika<\/p>\n\n\n\n<p>4.9 km<\/p>\n<\/div>\n\n\n\n<p><\/p>\n\n\n\n<p><\/p>\n","protected":false},"excerpt":{"rendered":"<p>Adres: D\u0119bowiec 15,&nbsp;22-234 Urszulin Telefon:&nbsp;508 404 411 Atrakcje turystyczne Park NarodowyDyrekcja Poleskiego Parku Narodowego 2.4 km Stare Za\u0142ucze 8O\u015brodek Dydaktyczno-Muzealny Poleskiego Parku Narodowego w Starym Za\u0142uczu 3.2 km Park Narodowy\u015acie\u017cka przyrodnicza &#8222;Sp\u0142awy&#8221; 3.6 km Jezioro Rotcze 3.8 km Grodzisko w Andrzejowie 3.8 km Cmentarz mennonicki w Michalowie 4.2 km Historyczny cmentarz prawoslawny w Wereszczynie 4.7 [&hellip;]<\/p>\n","protected":false},"author":1,"featured_media":0,"parent":0,"menu_order":2,"comment_status":"closed","ping_status":"closed","template":"","meta":{"footnotes":""},"class_list":["post-10","page","type-page","status-publish","hentry"],"_links":{"self":[{"href":"https:\/\/ulucynki.pl\/index.php\/wp-json\/wp\/v2\/pages\/10","targetHints":{"allow":["GET"]}}],"collection":[{"href":"https:\/\/ulucynki.pl\/index.php\/wp-json\/wp\/v2\/pages"}],"about":[{"href":"https:\/\/ulucynki.pl\/index.php\/wp-json\/wp\/v2\/types\/page"}],"author":[{"embeddable":true,"href":"https:\/\/ulucynki.pl\/index.php\/wp-json\/wp\/v2\/users\/1"}],"replies":[{"embeddable":true,"href":"https:\/\/ulucynki.pl\/index.php\/wp-json\/wp\/v2\/comments?post=10"}],"version-history":[{"count":5,"href":"https:\/\/ulucynki.pl\/index.php\/wp-json\/wp\/v2\/pages\/10\/revisions"}],"predecessor-version":[{"id":89,"href":"https:\/\/ulucynki.pl\/index.php\/wp-json\/wp\/v2\/pages\/10\/revisions\/89"}],"wp:attachment":[{"href":"https:\/\/ulucynki.pl\/index.php\/wp-json\/wp\/v2\/media?parent=10"}],"curies":[{"name":"wp","href":"https:\/\/api.w.org\/{rel}","templated":true}]}}